{"id":45,"date":"2019-12-29T18:12:47","date_gmt":"2019-12-29T17:12:47","guid":{"rendered":"http:\/\/constru-care.com\/?page_id=45"},"modified":"2020-11-07T17:47:42","modified_gmt":"2020-11-07T16:47:42","slug":"articles-2","status":"publish","type":"page","link":"https:\/\/constru-care.com\/en\/articles-2\/","title":{"rendered":"Documentation"},"content":{"rendered":"<div data-elementor-type=\"wp-page\" data-elementor-id=\"45\" class=\"elementor elementor-45\" data-elementor-post-type=\"page\">\n\t\t\t\t\t\t<section class=\"elementor-section elementor-top-section elementor-element elementor-element-7fb4aaf elementor-section-stretched elementor-section-boxed elementor-section-height-default elementor-section-height-default\" data-id=\"7fb4aaf\" data-element_type=\"section\" data-e-type=\"section\" data-settings=\"{&quot;stretch_section&quot;:&quot;section-stretched&quot;}\">\n\t\t\t\t\t\t<div class=\"elementor-container elementor-column-gap-default\">\n\t\t\t\t\t<div class=\"elementor-column elementor-col-100 elementor-top-column elementor-element elementor-element-9fe6837\" data-id=\"9fe6837\" data-element_type=\"column\" data-e-type=\"column\">\n\t\t\t<div class=\"elementor-widget-wrap elementor-element-populated\">\n\t\t\t\t\t\t<div class=\"elementor-element elementor-element-9090d74 elementor-widget elementor-widget-menu-anchor\" data-id=\"9090d74\" data-element_type=\"widget\" data-e-type=\"widget\" data-widget_type=\"menu-anchor.default\">\n\t\t\t\t<div class=\"elementor-widget-container\">\n\t\t\t\t\t\t\t<div class=\"elementor-menu-anchor\" id=\"Docgeneral\"><\/div>\n\t\t\t\t\t\t<\/div>\n\t\t\t\t<\/div>\n\t\t\t\t<div class=\"elementor-element elementor-element-31f5dd8 elementor-widget elementor-widget-heading\" data-id=\"31f5dd8\" data-element_type=\"widget\" data-e-type=\"widget\" data-widget_type=\"heading.default\">\n\t\t\t\t<div class=\"elementor-widget-container\">\n\t\t\t\t\t<h2 class=\"elementor-heading-title elementor-size-default\">Articles r\u00e9cents<\/h2>\t\t\t\t<\/div>\n\t\t\t\t<\/div>\n\t\t\t\t\t<\/div>\n\t\t<\/div>\n\t\t\t\t\t<\/div>\n\t\t<\/section>\n\t\t\t\t<section class=\"elementor-section elementor-top-section elementor-element elementor-element-c921cc5 elementor-section-stretched elementor-section-boxed elementor-section-height-default elementor-section-height-default\" data-id=\"c921cc5\" data-element_type=\"section\" data-e-type=\"section\" data-settings=\"{&quot;stretch_section&quot;:&quot;section-stretched&quot;}\">\n\t\t\t\t\t\t<div class=\"elementor-container elementor-column-gap-default\">\n\t\t\t\t\t<div class=\"elementor-column elementor-col-100 elementor-top-column elementor-element elementor-element-24987be\" data-id=\"24987be\" data-element_type=\"column\" data-e-type=\"column\" data-settings=\"{&quot;background_background&quot;:&quot;classic&quot;}\">\n\t\t\t<div class=\"elementor-widget-wrap elementor-element-populated\">\n\t\t\t\t\t\t<div class=\"elementor-element elementor-element-5534b7d elementor-widget elementor-widget-menu-anchor\" data-id=\"5534b7d\" data-element_type=\"widget\" data-e-type=\"widget\" data-widget_type=\"menu-anchor.default\">\n\t\t\t\t<div class=\"elementor-widget-container\">\n\t\t\t\t\t\t\t<div class=\"elementor-menu-anchor\" id=\"Normes\"><\/div>\n\t\t\t\t\t\t<\/div>\n\t\t\t\t<\/div>\n\t\t\t\t<div class=\"elementor-element elementor-element-04d75dd elementor-widget elementor-widget-heading\" data-id=\"04d75dd\" data-element_type=\"widget\" data-e-type=\"widget\" data-widget_type=\"heading.default\">\n\t\t\t\t<div class=\"elementor-widget-container\">\n\t\t\t\t\t<h3 class=\"elementor-heading-title elementor-size-default\">Normes &amp; documentation de r\u00e9f\u00e9rence<\/h3>\t\t\t\t<\/div>\n\t\t\t\t<\/div>\n\t\t\t\t\t<\/div>\n\t\t<\/div>\n\t\t\t\t\t<\/div>\n\t\t<\/section>\n\t\t\t\t<section class=\"elementor-section elementor-top-section elementor-element elementor-element-e3271c5 elementor-section-stretched elementor-section-boxed elementor-section-height-default elementor-section-height-default\" data-id=\"e3271c5\" data-element_type=\"section\" data-e-type=\"section\" data-settings=\"{&quot;stretch_section&quot;:&quot;section-stretched&quot;}\">\n\t\t\t\t\t\t<div class=\"elementor-container elementor-column-gap-default\">\n\t\t\t\t\t<div class=\"elementor-column elementor-col-100 elementor-top-column elementor-element elementor-element-2ae3a0f\" data-id=\"2ae3a0f\" data-element_type=\"column\" data-e-type=\"column\">\n\t\t\t<div class=\"elementor-widget-wrap elementor-element-populated\">\n\t\t\t\t\t\t<div class=\"elementor-element elementor-element-39f552e elementor-widget elementor-widget-menu-anchor\" data-id=\"39f552e\" data-element_type=\"widget\" data-e-type=\"widget\" data-widget_type=\"menu-anchor.default\">\n\t\t\t\t<div class=\"elementor-widget-container\">\n\t\t\t\t\t\t\t<div class=\"elementor-menu-anchor\" id=\"Maintenance\"><\/div>\n\t\t\t\t\t\t<\/div>\n\t\t\t\t<\/div>\n\t\t\t\t<div class=\"elementor-element elementor-element-b455285 elementor-widget elementor-widget-heading\" data-id=\"b455285\" data-element_type=\"widget\" data-e-type=\"widget\" data-widget_type=\"heading.default\">\n\t\t\t\t<div class=\"elementor-widget-container\">\n\t\t\t\t\t<h2 class=\"elementor-heading-title elementor-size-default\">Articles gestion technique<\/h2>\t\t\t\t<\/div>\n\t\t\t\t<\/div>\n\t\t\t\t\t<\/div>\n\t\t<\/div>\n\t\t\t\t\t<\/div>\n\t\t<\/section>\n\t\t\t\t<section class=\"elementor-section elementor-top-section elementor-element elementor-element-63664160 elementor-section-stretched elementor-section-boxed elementor-section-height-default elementor-section-height-default\" data-id=\"63664160\" data-element_type=\"section\" data-e-type=\"section\" data-settings=\"{&quot;stretch_section&quot;:&quot;section-stretched&quot;}\">\n\t\t\t\t\t\t<div class=\"elementor-container elementor-column-gap-default\">\n\t\t\t\t\t<div class=\"elementor-column elementor-col-100 elementor-top-column elementor-element elementor-element-5d494ff3\" data-id=\"5d494ff3\" data-element_type=\"column\" data-e-type=\"column\" data-settings=\"{&quot;background_background&quot;:&quot;classic&quot;}\">\n\t\t\t<div class=\"elementor-widget-wrap elementor-element-populated\">\n\t\t\t\t\t\t<div class=\"elementor-element elementor-element-5b8694af elementor-widget elementor-widget-text-editor\" data-id=\"5b8694af\" data-element_type=\"widget\" data-e-type=\"widget\" data-widget_type=\"text-editor.default\">\n\t\t\t\t<div class=\"elementor-widget-container\">\n\t\t\t\t\t\t\t\t\t<p>See also:<\/p>\t\t\t\t\t\t\t\t<\/div>\n\t\t\t\t<\/div>\n\t\t\t\t<section class=\"elementor-section elementor-inner-section elementor-element elementor-element-59a8df05 elementor-section-boxed elementor-section-height-default elementor-section-height-default\" data-id=\"59a8df05\" data-element_type=\"section\" data-e-type=\"section\">\n\t\t\t\t\t\t<div class=\"elementor-container elementor-column-gap-default\">\n\t\t\t\t\t<div class=\"elementor-column elementor-col-50 elementor-inner-column elementor-element elementor-element-2c575620\" data-id=\"2c575620\" data-element_type=\"column\" data-e-type=\"column\">\n\t\t\t<div class=\"elementor-widget-wrap elementor-element-populated\">\n\t\t\t\t\t\t<div class=\"elementor-element elementor-element-6a1a6346 elementor-icon-list--layout-traditional elementor-list-item-link-full_width elementor-widget elementor-widget-icon-list\" data-id=\"6a1a6346\" data-element_type=\"widget\" data-e-type=\"widget\" data-widget_type=\"icon-list.default\">\n\t\t\t\t<div class=\"elementor-widget-container\">\n\t\t\t\t\t\t\t<ul class=\"elementor-icon-list-items\">\n\t\t\t\t\t\t\t<li class=\"elementor-icon-list-item\">\n\t\t\t\t\t\t\t\t\t\t\t<a href=\"https:\/\/constru-care.com\/en\/nos-services\/\">\n\n\t\t\t\t\t\t\t\t\t\t\t\t<span class=\"elementor-icon-list-icon\">\n\t\t\t\t\t\t\t<i aria-hidden=\"true\" class=\"fas fa-chevron-right\"><\/i>\t\t\t\t\t\t<\/span>\n\t\t\t\t\t\t\t\t\t\t<span class=\"elementor-icon-list-text\">Services<\/span>\n\t\t\t\t\t\t\t\t\t\t\t<\/a>\n\t\t\t\t\t\t\t\t\t<\/li>\n\t\t\t\t\t\t\t\t<li class=\"elementor-icon-list-item\">\n\t\t\t\t\t\t\t\t\t\t\t<a href=\"https:\/\/constru-care.com\/en\/nos-services\/inspection\/\">\n\n\t\t\t\t\t\t\t\t\t\t\t\t<span class=\"elementor-icon-list-icon\">\n\t\t\t\t\t\t\t<i aria-hidden=\"true\" class=\"fas fa-chevron-right\"><\/i>\t\t\t\t\t\t<\/span>\n\t\t\t\t\t\t\t\t\t\t<span class=\"elementor-icon-list-text\">Inspection services<\/span>\n\t\t\t\t\t\t\t\t\t\t\t<\/a>\n\t\t\t\t\t\t\t\t\t<\/li>\n\t\t\t\t\t\t\t\t<li class=\"elementor-icon-list-item\">\n\t\t\t\t\t\t\t\t\t\t\t<a href=\"https:\/\/constru-care.com\/en\/nos-services\/inspection\/inspection-batiment\/\">\n\n\t\t\t\t\t\t\t\t\t\t\t\t<span class=\"elementor-icon-list-icon\">\n\t\t\t\t\t\t\t<i aria-hidden=\"true\" class=\"fas fa-chevron-right\"><\/i>\t\t\t\t\t\t<\/span>\n\t\t\t\t\t\t\t\t\t\t<span class=\"elementor-icon-list-text\">Inspection de b\u00e2timent<\/span>\n\t\t\t\t\t\t\t\t\t\t\t<\/a>\n\t\t\t\t\t\t\t\t\t<\/li>\n\t\t\t\t\t\t\t\t<li class=\"elementor-icon-list-item\">\n\t\t\t\t\t\t\t\t\t\t\t<a href=\"https:\/\/constru-care.com\/en\/nos-services\/inspection\/inspection-ouvrage-art\/\">\n\n\t\t\t\t\t\t\t\t\t\t\t\t<span class=\"elementor-icon-list-icon\">\n\t\t\t\t\t\t\t<i aria-hidden=\"true\" class=\"fas fa-chevron-right\"><\/i>\t\t\t\t\t\t<\/span>\n\t\t\t\t\t\t\t\t\t\t<span class=\"elementor-icon-list-text\">Inspection of bridges<\/span>\n\t\t\t\t\t\t\t\t\t\t\t<\/a>\n\t\t\t\t\t\t\t\t\t<\/li>\n\t\t\t\t\t\t\t\t<li class=\"elementor-icon-list-item\">\n\t\t\t\t\t\t\t\t\t\t\t<a href=\"https:\/\/constru-care.com\/en\/nos-services\/inspection\/inspection-structure-industrielle\/\">\n\n\t\t\t\t\t\t\t\t\t\t\t\t<span class=\"elementor-icon-list-icon\">\n\t\t\t\t\t\t\t<i aria-hidden=\"true\" class=\"fas fa-chevron-right\"><\/i>\t\t\t\t\t\t<\/span>\n\t\t\t\t\t\t\t\t\t\t<span class=\"elementor-icon-list-text\">Inspection of industrial structures<\/span>\n\t\t\t\t\t\t\t\t\t\t\t<\/a>\n\t\t\t\t\t\t\t\t\t<\/li>\n\t\t\t\t\t\t\t\t<li class=\"elementor-icon-list-item\">\n\t\t\t\t\t\t\t\t\t\t\t<a href=\"https:\/\/constru-care.com\/en\/copropriete\/\">\n\n\t\t\t\t\t\t\t\t\t\t\t\t<span class=\"elementor-icon-list-icon\">\n\t\t\t\t\t\t\t<i aria-hidden=\"true\" class=\"fas fa-chevron-right\"><\/i>\t\t\t\t\t\t<\/span>\n\t\t\t\t\t\t\t\t\t\t<span class=\"elementor-icon-list-text\">Service pour copropri\u00e9t\u00e9<\/span>\n\t\t\t\t\t\t\t\t\t\t\t<\/a>\n\t\t\t\t\t\t\t\t\t<\/li>\n\t\t\t\t\t\t<\/ul>\n\t\t\t\t\t\t<\/div>\n\t\t\t\t<\/div>\n\t\t\t\t\t<\/div>\n\t\t<\/div>\n\t\t\t\t<div class=\"elementor-column elementor-col-50 elementor-inner-column elementor-element elementor-element-451e020a\" data-id=\"451e020a\" data-element_type=\"column\" data-e-type=\"column\">\n\t\t\t<div class=\"elementor-widget-wrap elementor-element-populated\">\n\t\t\t\t\t\t<div class=\"elementor-element elementor-element-6c9d60c8 elementor-icon-list--layout-traditional elementor-list-item-link-full_width elementor-widget elementor-widget-icon-list\" data-id=\"6c9d60c8\" data-element_type=\"widget\" data-e-type=\"widget\" data-widget_type=\"icon-list.default\">\n\t\t\t\t<div class=\"elementor-widget-container\">\n\t\t\t\t\t\t\t<ul class=\"elementor-icon-list-items\">\n\t\t\t\t\t\t\t<li class=\"elementor-icon-list-item\">\n\t\t\t\t\t\t\t\t\t\t\t<a href=\"https:\/\/constru-care.com\/en\/nos-services\/reparation\/\">\n\n\t\t\t\t\t\t\t\t\t\t\t\t<span class=\"elementor-icon-list-icon\">\n\t\t\t\t\t\t\t<i aria-hidden=\"true\" class=\"fas fa-chevron-right\"><\/i>\t\t\t\t\t\t<\/span>\n\t\t\t\t\t\t\t\t\t\t<span class=\"elementor-icon-list-text\">Services de r\u00e9paration<\/span>\n\t\t\t\t\t\t\t\t\t\t\t<\/a>\n\t\t\t\t\t\t\t\t\t<\/li>\n\t\t\t\t\t\t\t\t<li class=\"elementor-icon-list-item\">\n\t\t\t\t\t\t\t\t\t\t\t<a href=\"https:\/\/constru-care.com\/en\/nos-services\/surveillance\/\">\n\n\t\t\t\t\t\t\t\t\t\t\t\t<span class=\"elementor-icon-list-icon\">\n\t\t\t\t\t\t\t<i aria-hidden=\"true\" class=\"fas fa-chevron-right\"><\/i>\t\t\t\t\t\t<\/span>\n\t\t\t\t\t\t\t\t\t\t<span class=\"elementor-icon-list-text\">Monitoring services<\/span>\n\t\t\t\t\t\t\t\t\t\t\t<\/a>\n\t\t\t\t\t\t\t\t\t<\/li>\n\t\t\t\t\t\t\t\t<li class=\"elementor-icon-list-item\">\n\t\t\t\t\t\t\t\t\t\t\t<a href=\"https:\/\/constru-care.com\/en\/nos-services\/plan-de-maintenance\/\">\n\n\t\t\t\t\t\t\t\t\t\t\t\t<span class=\"elementor-icon-list-icon\">\n\t\t\t\t\t\t\t<i aria-hidden=\"true\" class=\"fas fa-chevron-right\"><\/i>\t\t\t\t\t\t<\/span>\n\t\t\t\t\t\t\t\t\t\t<span class=\"elementor-icon-list-text\">Maintenance Plan<\/span>\n\t\t\t\t\t\t\t\t\t\t\t<\/a>\n\t\t\t\t\t\t\t\t\t<\/li>\n\t\t\t\t\t\t\t\t<li class=\"elementor-icon-list-item\">\n\t\t\t\t\t\t\t\t\t\t\t<a href=\"https:\/\/constru-care.com\/en\/actualite\/\">\n\n\t\t\t\t\t\t\t\t\t\t\t\t<span class=\"elementor-icon-list-icon\">\n\t\t\t\t\t\t\t<i aria-hidden=\"true\" class=\"fas fa-chevron-right\"><\/i>\t\t\t\t\t\t<\/span>\n\t\t\t\t\t\t\t\t\t\t<span class=\"elementor-icon-list-text\">News<\/span>\n\t\t\t\t\t\t\t\t\t\t\t<\/a>\n\t\t\t\t\t\t\t\t\t<\/li>\n\t\t\t\t\t\t\t\t<li class=\"elementor-icon-list-item\">\n\t\t\t\t\t\t\t\t\t\t\t<a href=\"https:\/\/constru-care.com\/en\/constru-care\/\">\n\n\t\t\t\t\t\t\t\t\t\t\t\t<span class=\"elementor-icon-list-icon\">\n\t\t\t\t\t\t\t<i aria-hidden=\"true\" class=\"fas fa-chevron-right\"><\/i>\t\t\t\t\t\t<\/span>\n\t\t\t\t\t\t\t\t\t\t<span class=\"elementor-icon-list-text\">About us<\/span>\n\t\t\t\t\t\t\t\t\t\t\t<\/a>\n\t\t\t\t\t\t\t\t\t<\/li>\n\t\t\t\t\t\t\t\t<li class=\"elementor-icon-list-item\">\n\t\t\t\t\t\t\t\t\t\t\t<a href=\"https:\/\/constru-care.com\/en\/\">\n\n\t\t\t\t\t\t\t\t\t\t\t\t<span class=\"elementor-icon-list-icon\">\n\t\t\t\t\t\t\t<i aria-hidden=\"true\" class=\"fas fa-chevron-right\"><\/i>\t\t\t\t\t\t<\/span>\n\t\t\t\t\t\t\t\t\t\t<span class=\"elementor-icon-list-text\">Home<\/span>\n\t\t\t\t\t\t\t\t\t\t\t<\/a>\n\t\t\t\t\t\t\t\t\t<\/li>\n\t\t\t\t\t\t<\/ul>\n\t\t\t\t\t\t<\/div>\n\t\t\t\t<\/div>\n\t\t\t\t\t<\/div>\n\t\t<\/div>\n\t\t\t\t\t<\/div>\n\t\t<\/section>\n\t\t\t\t\t<\/div>\n\t\t<\/div>\n\t\t\t\t\t<\/div>\n\t\t<\/section>\n\t\t\t\t<section class=\"elementor-section elementor-top-section elementor-element elementor-element-f1cf590 elementor-section-stretched elementor-section-boxed elementor-section-height-default elementor-section-height-default\" data-id=\"f1cf590\" data-element_type=\"section\" data-e-type=\"section\" data-settings=\"{&quot;stretch_section&quot;:&quot;section-stretched&quot;}\">\n\t\t\t\t\t\t<div class=\"elementor-container elementor-column-gap-default\">\n\t\t\t\t\t<div class=\"elementor-column elementor-col-100 elementor-top-column elementor-element elementor-element-a12e066\" data-id=\"a12e066\" data-element_type=\"column\" data-e-type=\"column\" data-settings=\"{&quot;background_background&quot;:&quot;classic&quot;}\">\n\t\t\t<div class=\"elementor-widget-wrap elementor-element-populated\">\n\t\t\t\t\t\t<div class=\"elementor-element elementor-element-a5b15fe elementor-widget elementor-widget-text-editor\" data-id=\"a5b15fe\" data-element_type=\"widget\" data-e-type=\"widget\" data-widget_type=\"text-editor.default\">\n\t\t\t\t<div class=\"elementor-widget-container\">\n\t\t\t\t\t\t\t\t\t<p>Follow us on <a href=\"https:\/\/www.linkedin.com\/company\/constru-care\/\" target=\"_blank\" rel=\"noopener\">LinkedIn!<\/a><\/p>\t\t\t\t\t\t\t\t<\/div>\n\t\t\t\t<\/div>\n\t\t\t\t\t<\/div>\n\t\t<\/div>\n\t\t\t\t\t<\/div>\n\t\t<\/section>\n\t\t\t\t<\/div>","protected":false},"excerpt":{"rendered":"<p>Articles r\u00e9cents Accident du Centre Commercial d\u2019Elliot Lake (Canada) \u2013 Un exemple criant de manque de surveillance et d\u2019entretien ? David Attas 10 septembre 2020 No comments Un accident \u00e9trange&#8230; Le 23 juin 2012, la toiture du centre commercial Algo, situ\u00e9 dans le centre d&rsquo;Elliot Lake (Ontario, Canada) s\u2019est effondr\u00e9e sous son propre poids. La [&hellip;]<\/p>\n","protected":false},"author":1,"featured_media":0,"parent":0,"menu_order":10,"comment_status":"closed","ping_status":"closed","template":"","meta":{"_monsterinsights_skip_tracking":false,"_monsterinsights_sitenote_active":false,"_monsterinsights_sitenote_note":"","_monsterinsights_sitenote_category":0,"footnotes":""},"class_list":["post-45","page","type-page","status-publish","hentry","post"],"yoast_head":"<!-- This site is optimized with the Yoast SEO plugin v27.3 - https:\/\/yoast.com\/product\/yoast-seo-wordpress\/ -->\n<title>Documentation | Constru-Care | Normes, R\u00e9f\u00e9r\u00e9nces, Articles de fond<\/title>\n<meta name=\"description\" content=\"Articles sur Constru-Care et l&#039;Inspection, la R\u00e9paration et la Maintenance de Constructions en g\u00e9n\u00e9ral - Normes, \u00e9v\u00e8nement, info technique, etc.\" \/>\n<meta name=\"robots\" content=\"index, follow, max-snippet:-1, max-image-preview:large, max-video-preview:-1\" \/>\n<link rel=\"canonical\" href=\"https:\/\/constru-care.com\/en\/articles-2\/\" \/>\n<meta property=\"og:locale\" content=\"en_GB\" \/>\n<meta property=\"og:type\" content=\"article\" \/>\n<meta property=\"og:title\" content=\"Documentation | Constru-Care | Normes, R\u00e9f\u00e9r\u00e9nces, Articles de fond\" \/>\n<meta property=\"og:description\" content=\"Articles sur Constru-Care et l&#039;Inspection, la R\u00e9paration et la Maintenance de Constructions en g\u00e9n\u00e9ral - Normes, \u00e9v\u00e8nement, info technique, etc.\" \/>\n<meta property=\"og:url\" content=\"https:\/\/constru-care.com\/en\/articles-2\/\" \/>\n<meta property=\"og:site_name\" content=\"Constru-Care\" \/>\n<meta property=\"article:modified_time\" content=\"2020-11-07T16:47:42+00:00\" \/>\n<meta property=\"og:image\" content=\"https:\/\/constru-care.com\/wp-content\/uploads\/2020\/09\/Elliott-lake-accident.jpg\" \/>\n<meta name=\"twitter:label1\" content=\"Estimated reading time\" \/>\n\t<meta name=\"twitter:data1\" content=\"3 minutes\" \/>\n<script type=\"application\/ld+json\" class=\"yoast-schema-graph\">{\"@context\":\"https:\\\/\\\/schema.org\",\"@graph\":[{\"@type\":\"WebPage\",\"@id\":\"https:\\\/\\\/constru-care.com\\\/fr\\\/articles-2\\\/\",\"url\":\"https:\\\/\\\/constru-care.com\\\/fr\\\/articles-2\\\/\",\"name\":\"Documentation | Constru-Care | Normes, R\u00e9f\u00e9r\u00e9nces, Articles de fond\",\"isPartOf\":{\"@id\":\"https:\\\/\\\/constru-care.com\\\/#website\"},\"primaryImageOfPage\":{\"@id\":\"https:\\\/\\\/constru-care.com\\\/fr\\\/articles-2\\\/#primaryimage\"},\"image\":{\"@id\":\"https:\\\/\\\/constru-care.com\\\/fr\\\/articles-2\\\/#primaryimage\"},\"thumbnailUrl\":\"https:\\\/\\\/constru-care.com\\\/wp-content\\\/uploads\\\/2020\\\/09\\\/Elliott-lake-accident.jpg\",\"datePublished\":\"2019-12-29T17:12:47+00:00\",\"dateModified\":\"2020-11-07T16:47:42+00:00\",\"description\":\"Articles sur Constru-Care et l'Inspection, la R\u00e9paration et la Maintenance de Constructions en g\u00e9n\u00e9ral - Normes, \u00e9v\u00e8nement, info technique, etc.\",\"breadcrumb\":{\"@id\":\"https:\\\/\\\/constru-care.com\\\/fr\\\/articles-2\\\/#breadcrumb\"},\"inLanguage\":\"en-GB\",\"potentialAction\":[{\"@type\":\"ReadAction\",\"target\":[\"https:\\\/\\\/constru-care.com\\\/fr\\\/articles-2\\\/\"]}]},{\"@type\":\"ImageObject\",\"inLanguage\":\"en-GB\",\"@id\":\"https:\\\/\\\/constru-care.com\\\/fr\\\/articles-2\\\/#primaryimage\",\"url\":\"https:\\\/\\\/constru-care.com\\\/wp-content\\\/uploads\\\/2020\\\/09\\\/Elliott-lake-accident.jpg\",\"contentUrl\":\"https:\\\/\\\/constru-care.com\\\/wp-content\\\/uploads\\\/2020\\\/09\\\/Elliott-lake-accident.jpg\"},{\"@type\":\"BreadcrumbList\",\"@id\":\"https:\\\/\\\/constru-care.com\\\/fr\\\/articles-2\\\/#breadcrumb\",\"itemListElement\":[{\"@type\":\"ListItem\",\"position\":1,\"name\":\"Accueil\",\"item\":\"https:\\\/\\\/constru-care.com\\\/\"},{\"@type\":\"ListItem\",\"position\":2,\"name\":\"Documentation\"}]},{\"@type\":\"WebSite\",\"@id\":\"https:\\\/\\\/constru-care.com\\\/#website\",\"url\":\"https:\\\/\\\/constru-care.com\\\/\",\"name\":\"Constru-Care\",\"description\":\"Civil and Structural Testing &amp; Engineering\",\"publisher\":{\"@id\":\"https:\\\/\\\/constru-care.com\\\/#organization\"},\"potentialAction\":[{\"@type\":\"SearchAction\",\"target\":{\"@type\":\"EntryPoint\",\"urlTemplate\":\"https:\\\/\\\/constru-care.com\\\/?s={search_term_string}\"},\"query-input\":{\"@type\":\"PropertyValueSpecification\",\"valueRequired\":true,\"valueName\":\"search_term_string\"}}],\"inLanguage\":\"en-GB\"},{\"@type\":\"Organization\",\"@id\":\"https:\\\/\\\/constru-care.com\\\/#organization\",\"name\":\"Constru-Care\",\"url\":\"https:\\\/\\\/constru-care.com\\\/\",\"logo\":{\"@type\":\"ImageObject\",\"inLanguage\":\"en-GB\",\"@id\":\"https:\\\/\\\/constru-care.com\\\/#\\\/schema\\\/logo\\\/image\\\/\",\"url\":\"https:\\\/\\\/constru-care.com\\\/wp-content\\\/uploads\\\/2020\\\/01\\\/website_logo_transparent_background.png\",\"contentUrl\":\"https:\\\/\\\/constru-care.com\\\/wp-content\\\/uploads\\\/2020\\\/01\\\/website_logo_transparent_background.png\",\"width\":841,\"height\":250,\"caption\":\"Constru-Care\"},\"image\":{\"@id\":\"https:\\\/\\\/constru-care.com\\\/#\\\/schema\\\/logo\\\/image\\\/\"}}]}<\/script>\n<!-- \/ Yoast SEO plugin. -->","yoast_head_json":{"title":"Documentation | Constru-Care | Normes, R\u00e9f\u00e9r\u00e9nces, Articles de fond","description":"Articles sur Constru-Care et l'Inspection, la R\u00e9paration et la Maintenance de Constructions en g\u00e9n\u00e9ral - Normes, \u00e9v\u00e8nement, info technique, etc.","robots":{"index":"index","follow":"follow","max-snippet":"max-snippet:-1","max-image-preview":"max-image-preview:large","max-video-preview":"max-video-preview:-1"},"canonical":"https:\/\/constru-care.com\/en\/articles-2\/","og_locale":"en_GB","og_type":"article","og_title":"Documentation | Constru-Care | Normes, R\u00e9f\u00e9r\u00e9nces, Articles de fond","og_description":"Articles sur Constru-Care et l'Inspection, la R\u00e9paration et la Maintenance de Constructions en g\u00e9n\u00e9ral - Normes, \u00e9v\u00e8nement, info technique, etc.","og_url":"https:\/\/constru-care.com\/en\/articles-2\/","og_site_name":"Constru-Care","article_modified_time":"2020-11-07T16:47:42+00:00","og_image":[{"url":"https:\/\/constru-care.com\/wp-content\/uploads\/2020\/09\/Elliott-lake-accident.jpg","type":"","width":"","height":""}],"twitter_misc":{"Estimated reading time":"3 minutes"},"schema":{"@context":"https:\/\/schema.org","@graph":[{"@type":"WebPage","@id":"https:\/\/constru-care.com\/fr\/articles-2\/","url":"https:\/\/constru-care.com\/fr\/articles-2\/","name":"Documentation | Constru-Care | Normes, R\u00e9f\u00e9r\u00e9nces, Articles de fond","isPartOf":{"@id":"https:\/\/constru-care.com\/#website"},"primaryImageOfPage":{"@id":"https:\/\/constru-care.com\/fr\/articles-2\/#primaryimage"},"image":{"@id":"https:\/\/constru-care.com\/fr\/articles-2\/#primaryimage"},"thumbnailUrl":"https:\/\/constru-care.com\/wp-content\/uploads\/2020\/09\/Elliott-lake-accident.jpg","datePublished":"2019-12-29T17:12:47+00:00","dateModified":"2020-11-07T16:47:42+00:00","description":"Articles sur Constru-Care et l'Inspection, la R\u00e9paration et la Maintenance de Constructions en g\u00e9n\u00e9ral - Normes, \u00e9v\u00e8nement, info technique, etc.","breadcrumb":{"@id":"https:\/\/constru-care.com\/fr\/articles-2\/#breadcrumb"},"inLanguage":"en-GB","potentialAction":[{"@type":"ReadAction","target":["https:\/\/constru-care.com\/fr\/articles-2\/"]}]},{"@type":"ImageObject","inLanguage":"en-GB","@id":"https:\/\/constru-care.com\/fr\/articles-2\/#primaryimage","url":"https:\/\/constru-care.com\/wp-content\/uploads\/2020\/09\/Elliott-lake-accident.jpg","contentUrl":"https:\/\/constru-care.com\/wp-content\/uploads\/2020\/09\/Elliott-lake-accident.jpg"},{"@type":"BreadcrumbList","@id":"https:\/\/constru-care.com\/fr\/articles-2\/#breadcrumb","itemListElement":[{"@type":"ListItem","position":1,"name":"Accueil","item":"https:\/\/constru-care.com\/"},{"@type":"ListItem","position":2,"name":"Documentation"}]},{"@type":"WebSite","@id":"https:\/\/constru-care.com\/#website","url":"https:\/\/constru-care.com\/","name":"Constru-Care","description":"Civil and Structural Testing &amp; Engineering","publisher":{"@id":"https:\/\/constru-care.com\/#organization"},"potentialAction":[{"@type":"SearchAction","target":{"@type":"EntryPoint","urlTemplate":"https:\/\/constru-care.com\/?s={search_term_string}"},"query-input":{"@type":"PropertyValueSpecification","valueRequired":true,"valueName":"search_term_string"}}],"inLanguage":"en-GB"},{"@type":"Organization","@id":"https:\/\/constru-care.com\/#organization","name":"Constru-Care","url":"https:\/\/constru-care.com\/","logo":{"@type":"ImageObject","inLanguage":"en-GB","@id":"https:\/\/constru-care.com\/#\/schema\/logo\/image\/","url":"https:\/\/constru-care.com\/wp-content\/uploads\/2020\/01\/website_logo_transparent_background.png","contentUrl":"https:\/\/constru-care.com\/wp-content\/uploads\/2020\/01\/website_logo_transparent_background.png","width":841,"height":250,"caption":"Constru-Care"},"image":{"@id":"https:\/\/constru-care.com\/#\/schema\/logo\/image\/"}}]}},"_links":{"self":[{"href":"https:\/\/constru-care.com\/en\/wp-json\/wp\/v2\/pages\/45","targetHints":{"allow":["GET"]}}],"collection":[{"href":"https:\/\/constru-care.com\/en\/wp-json\/wp\/v2\/pages"}],"about":[{"href":"https:\/\/constru-care.com\/en\/wp-json\/wp\/v2\/types\/page"}],"author":[{"embeddable":true,"href":"https:\/\/constru-care.com\/en\/wp-json\/wp\/v2\/users\/1"}],"replies":[{"embeddable":true,"href":"https:\/\/constru-care.com\/en\/wp-json\/wp\/v2\/comments?post=45"}],"version-history":[{"count":23,"href":"https:\/\/constru-care.com\/en\/wp-json\/wp\/v2\/pages\/45\/revisions"}],"predecessor-version":[{"id":1443,"href":"https:\/\/constru-care.com\/en\/wp-json\/wp\/v2\/pages\/45\/revisions\/1443"}],"wp:attachment":[{"href":"https:\/\/constru-care.com\/en\/wp-json\/wp\/v2\/media?parent=45"}],"curies":[{"name":"wp","href":"https:\/\/api.w.org\/{rel}","templated":true}]}}